{"id":7018,"date":"2018-10-22T09:11:50","date_gmt":"2018-10-22T09:11:50","guid":{"rendered":"https:\/\/domenicocafe.sk\/main-home\/"},"modified":"2024-11-17T14:39:13","modified_gmt":"2024-11-17T13:39:13","slug":"main-home","status":"publish","type":"page","link":"https:\/\/domenicocafe.sk\/en\/","title":{"rendered":"Home"},"content":{"rendered":"<p>[vc_row][vc_column][rev_slider_vc alias=&#8221;home&#8221; enable_paspartu=&#8221;no&#8221;][\/vc_column][\/vc_row][vc_row row_content_width=&#8221;grid&#8221; disable_background_image=&#8221;&#8221; css=&#8221;.vc_custom_1617292845496{padding-top: 146px !important;padding-bottom: 112px !important;}&#8221; simple_background_image=&#8221;6898&#8243;][vc_column css_animation=&#8221;none&#8221;]<div class=\"mkdf-elements-holder   mkdf-one-column  mkdf-responsive-mode-768 \" ><div class=\"mkdf-eh-item    \"  data-item-class=\"mkdf-eh-custom-6343\" data-1025-1366=\"0 12%\" data-769-1024=\"0 0\" data-681-768=\"0 0\" data-680=\"0 0\">\n\t<div class=\"mkdf-eh-item-inner\">\n\t\t<div class=\"mkdf-eh-item-content mkdf-eh-custom-6343\" style=\"padding: 0 20%\">\n\t\t\t<div class=\"mkdf-section-title-holder  mkdf-st-standard mkdf-st-title-left mkdf-st-normal-space \" style=\"text-align: center\">\n\t<div class=\"mkdf-st-inner\">\n                    <p class=\"mkdf-st-intro-text\"  > YOUR <\/p>\n        \t\t\t\t\t<h2 class=\"mkdf-st-title\" >\n\t\t\t\tsan domenico\t\t\t<\/h2>\n\t\t                    <div class=\"mkdf-separator-holder clearfix  mkdf-separator-center mkdf-separator-advanced-center mkdf-separator-advanced\">\n\t<div class=\"mkdf-separator\" >\n                    <div class=\"mkdf-adv-sep-inner\">\n                <div class=\"mkdf-adv-sep-line\"  ><\/div>\n                <div class=\"mkdf-adv-sep-dot\"  ><\/div>\n            <\/div>\n            <\/div>\n<\/div>\n        \t\t\t<\/div>\n<\/div>[vc_column_text]<\/p>\n<p style=\"text-align: center;\"><strong>\u201cFamily Lounge\u201d<\/strong> is especially designed with the whole family in mind. A unique space that combines energy &amp; calmness to bring together &amp; satisfy every generation.<br \/>\n<strong>\u201cCaf\u00e9 Bar\u201d<\/strong> with an atmosphere of relaxation &amp; elegant design, is the ideal space for conversation &amp; creativity.<div class=\"show_more\"><p class=\"wpsm-show\" style=\"color: #cc0000; font-size: 100%; text-align: left;\"> Viac...<\/p><div class=\"wpsm-content\"><\/p>\n<p style=\"text-align: center;\">Whichever side is your favourite you can be sure that we represent the values that truly matter..<br \/>\nSustainability, Environment, Inclusivity &amp; Family.<br \/>\n<strong>Although we believe a plant based diet is best, we also believe in bringing people together, <u>Inclusivity<\/u> not exclusivity. This is why you\u2019ll find delicious menu options whatever your choice<\/strong> \u2013 vegan, vegetarian, carnivore, pescatarian, fruitarian, paleo, raw, gluten-free, dairy-free &amp; sugar-free.<br \/>\nWe constantly try to source <u>Sustainable<\/u> products &amp; although we believe organic foods are better we also believe buying local products is the most sustainable &amp; ethical practice. This is why we use local growers &amp; producers whenever possible &amp; why we have established our own \u201cUrban Farm\u201d to ensure high <u>quality<\/u>, strictly <u>organic<\/u> &amp; <u>locally<\/u> grown ingredients go into our products.<br \/>\nImprovement &amp; success cannot be achieved without <u>Environmental awareness<\/u>, so along with our recycling efforts we have introduced our own composting project. We estimate that every year we can save 70,000kg of food, paper &amp; coffee going to waste or incineration.<\/p>\n<p style=\"text-align: center;\"><strong>Domenico is a family. Built &amp; run with family values so that when you walk through our doors, you too will feel like family, at home away from home.<\/strong>  <p class=\"wpsm-hide\" style=\"color: #cc0000; font-size: 100%; text-align: left;\"> Menej...<\/p><\/div><\/div>\n<p>[\/vc_column_text]\t\t<\/div>\n\t<\/div>\n<\/div><\/div>[vc_empty_space height=&#8221;20px&#8221;][\/vc_column][\/vc_row][vc_row row_content_width=&#8221;grid&#8221; disable_background_image=&#8221;&#8221; content_text_aligment=&#8221;center&#8221; css=&#8221;.vc_custom_1612975429625{padding-top: 156px !important;padding-bottom: 165px !important;}&#8221; simple_background_image=&#8221;6793&#8243;][vc_column css_animation=&#8221;none&#8221;]<div class=\"mkdf-elements-holder   mkdf-one-column  mkdf-responsive-mode-768 \" ><div class=\"mkdf-eh-item   mkdf-horizontal-alignment-center \"  data-item-class=\"mkdf-eh-custom-9189\">\n\t<div class=\"mkdf-eh-item-inner\">\n\t\t<div class=\"mkdf-eh-item-content mkdf-eh-custom-9189\" >\n\t\t\t<div class=\"mkdf-section-title-holder  mkdf-st-standard mkdf-st-title-left mkdf-st-normal-space \" style=\"text-align: center\">\n\t<div class=\"mkdf-st-inner\">\n                    <p class=\"mkdf-st-intro-text\"  > WE KNOW <\/p>\n        \t\t\t\t\t<h2 class=\"mkdf-st-title\" >\n\t\t\t\tWHAT YOU LOVE\t\t\t<\/h2>\n\t\t                    <div class=\"mkdf-separator-holder clearfix  mkdf-separator-center mkdf-separator-advanced-center mkdf-separator-advanced\">\n\t<div class=\"mkdf-separator\" >\n                    <div class=\"mkdf-adv-sep-inner\">\n                <div class=\"mkdf-adv-sep-line\"  ><\/div>\n                <div class=\"mkdf-adv-sep-dot\"  ><\/div>\n            <\/div>\n            <\/div>\n<\/div>\n        \t\t\t<\/div>\n<\/div><div class=\"mkdf-pl-holder mkdf-grid-list mkdf-disable-bottom-space mkdf-standard-layout mkdf-three-columns mkdf-normal-space mkdf-info-below-image  \">\n\t<div class=\"mkdf-pl-outer mkdf-outer-space\">\n\t\t<div class=\"mkdf-pli mkdf-item-space \">\n\t<div class=\"mkdf-pli-inner\">\n\t\t<div class=\"mkdf-pli-image\">\n\t\t\t\n<img width=\"2560\" height=\"2560\" src=\"https:\/\/domenicocafe.sk\/wp-content\/uploads\/2020\/03\/5-min-scaled.jpg\" class=\"attachment-full size-full wp-post-image\" alt=\"\" loading=\"lazy\" srcset=\"https:\/\/domenicocafe.sk\/wp-content\/uploads\/2020\/03\/5-min-scaled.jpg 2560w, https:\/\/domenicocafe.sk\/wp-content\/uploads\/2020\/03\/5-min-300x300.jpg 300w, https:\/\/domenicocafe.sk\/wp-content\/uploads\/2020\/03\/5-min-100x100.jpg 100w, https:\/\/domenicocafe.sk\/wp-content\/uploads\/2020\/03\/5-min-600x600.jpg 600w, https:\/\/domenicocafe.sk\/wp-content\/uploads\/2020\/03\/5-min-1024x1024.jpg 1024w, https:\/\/domenicocafe.sk\/wp-content\/uploads\/2020\/03\/5-min-150x150.jpg 150w, https:\/\/domenicocafe.sk\/wp-content\/uploads\/2020\/03\/5-min-768x768.jpg 768w, https:\/\/domenicocafe.sk\/wp-content\/uploads\/2020\/03\/5-min-1536x1536.jpg 1536w, https:\/\/domenicocafe.sk\/wp-content\/uploads\/2020\/03\/5-min-650x650.jpg 650w, https:\/\/domenicocafe.sk\/wp-content\/uploads\/2020\/03\/5-min-1300x1300.jpg 1300w\" sizes=\"(max-width: 2560px) 100vw, 2560px\" data-xooWscFly=\"fly\" \/>\t\t<\/div>\n\t\t<div class=\"mkdf-pli-text\">\n\t\t\t<div class=\"mkdf-pli-text-outer\" >\n\t\t\t\t<div class=\"mkdf-pli-text-inner\">\n\t\t\t\t\t\t\n\t<div class=\"mkdf-pli-add-to-cart mkdf-default-skin\">\n\t\t<a class=\"button add_to_cart_button ajax_add_to_cart mkdf-button mkdf-btn mkdf-btn-simple\" itemprop=\"url\" href=\"https:\/\/domenicocafe.sk\/en\/produkt\/philidelphia-cheesecake\/\" title=\"Philadelphia Cheesecake\">View product<\/a>\t\n\t<\/div>\n\t\t\t\t<\/div>\n\t\t\t<\/div>\n\t\t<\/div>\n\t\t<a class=\"mkdf-pli-link\" itemprop=\"url\" href=\"https:\/\/domenicocafe.sk\/en\/produkt\/philidelphia-cheesecake\/\" title=\"Philadelphia Cheesecake\"><\/a>\n\t<\/div>\n\t<div class=\"mkdf-pli-text-wrapper\" >\n\t\t    <h5 itemprop=\"name\" class=\"entry-title mkdf-pli-title\" >\n\t\t<a itemprop=\"url\" href=\"https:\/\/domenicocafe.sk\/en\/produkt\/philidelphia-cheesecake\/\">Philadelphia Cheesecake<\/a>\n\t<\/h5>\n\t\t\n\t\t\t\t\n\t\t\t\t\n\t\t\t\t\n\t\t\t<div class=\"mkdf-pli-price\"><span class=\"woocommerce-Price-amount amount\"><bdi>59.50<span class=\"woocommerce-Price-currencySymbol\">&euro;<\/span><\/bdi><\/span><\/div>\n\t<\/div>\n<\/div><div class=\"mkdf-pli mkdf-item-space \">\n\t<div class=\"mkdf-pli-inner\">\n\t\t<div class=\"mkdf-pli-image\">\n\t\t\t\n<img width=\"2560\" height=\"2560\" src=\"https:\/\/domenicocafe.sk\/wp-content\/uploads\/2020\/03\/6-min.jpg\" class=\"attachment-full size-full wp-post-image\" alt=\"\" loading=\"lazy\" data-xooWscFly=\"fly\" \/>\t\t<\/div>\n\t\t<div class=\"mkdf-pli-text\">\n\t\t\t<div class=\"mkdf-pli-text-outer\" >\n\t\t\t\t<div class=\"mkdf-pli-text-inner\">\n\t\t\t\t\t\t\n\t<div class=\"mkdf-pli-add-to-cart mkdf-default-skin\">\n\t\t<a class=\"button add_to_cart_button ajax_add_to_cart mkdf-button mkdf-btn mkdf-btn-simple\" itemprop=\"url\" href=\"https:\/\/domenicocafe.sk\/en\/produkt\/mascarpone-tart\/\" title=\"Mascarpone Tart\">View product<\/a>\t\n\t<\/div>\n\t\t\t\t<\/div>\n\t\t\t<\/div>\n\t\t<\/div>\n\t\t<a class=\"mkdf-pli-link\" itemprop=\"url\" href=\"https:\/\/domenicocafe.sk\/en\/produkt\/mascarpone-tart\/\" title=\"Mascarpone Tart\"><\/a>\n\t<\/div>\n\t<div class=\"mkdf-pli-text-wrapper\" >\n\t\t    <h5 itemprop=\"name\" class=\"entry-title mkdf-pli-title\" >\n\t\t<a itemprop=\"url\" href=\"https:\/\/domenicocafe.sk\/en\/produkt\/mascarpone-tart\/\">Mascarpone Tart<\/a>\n\t<\/h5>\n\t\t\n\t\t\t\t\n\t\t\t\t\n\t\t\t\t\n\t\t\t<div class=\"mkdf-pli-price\"><span class=\"woocommerce-Price-amount amount\"><bdi>59.50<span class=\"woocommerce-Price-currencySymbol\">&euro;<\/span><\/bdi><\/span><\/div>\n\t<\/div>\n<\/div>\t<\/div>\n<\/div>\t\t<\/div>\n\t<\/div>\n<\/div><\/div>[\/vc_column][\/vc_row][vc_row row_content_width=&#8221;grid&#8221; disable_background_image=&#8221;&#8221; content_text_aligment=&#8221;center&#8221; css=&#8221;.vc_custom_1633369939797{padding-bottom: 154px !important;}&#8221; simple_background_image=&#8221;2759&#8243; background_image_position=&#8221;bottom&#8221;][vc_column css_animation=&#8221;none&#8221; offset=&#8221;vc_col-lg-offset-2 vc_col-lg-8&#8243;]<div class=\"mkdf-section-title-holder  mkdf-st-standard mkdf-st-title-left mkdf-st-normal-space \" >\n\t<div class=\"mkdf-st-inner\">\n                    <p class=\"mkdf-st-intro-text\"  > DON&#039;T TAKE <\/p>\n        \t\t\t\t\t<h2 class=\"mkdf-st-title\" >\n\t\t\t\tOUR WORD FOR IT\t\t\t<\/h2>\n\t\t                    <div class=\"mkdf-separator-holder clearfix  mkdf-separator-center mkdf-separator-advanced-center mkdf-separator-advanced\">\n\t<div class=\"mkdf-separator\" >\n                    <div class=\"mkdf-adv-sep-inner\">\n                <div class=\"mkdf-adv-sep-line\"  ><\/div>\n                <div class=\"mkdf-adv-sep-dot\"  ><\/div>\n            <\/div>\n            <\/div>\n<\/div>\n        \t\t\t\t\t<h5 class=\"mkdf-st-text\" >\n\t\t\t\tVYPO\u010cUJTE SI N\u00c1ZOR NA\u0160\u00cdCH Z\u00c1KAZN\u00cdKOV\u2026\t\t\t<\/h5>\n\t\t\t<\/div>\n<\/div>[vc_empty_space height=&#8221;25px&#8221;]<div class=\"mkdf-testimonials-holder clearfix mkdf-testimonials-standard \">\n\n    \n    <div class=\"mkdf-testimonials mkdf-owl-slider\" data-number-of-items=\"1\" data-enable-loop=\"yes\" data-enable-autoplay=\"yes\" data-slider-speed=\"5000\" data-slider-speed-animation=\"600\" data-enable-navigation=\"yes\" data-enable-pagination=\"yes\" >\n\n    \n            <div class=\"mkdf-testimonial-content\" id=\"mkdf-testimonials-7036\">\n                <div class=\"mkdf-testimonial-text-holder\">\n                                                                <h6 class=\"mkdf-testimonial-text\">\u201cA place where there is no \u2032\u2032can&#039;t, we don&#039;t have, we don&#039;t know\u2032\u2032  Quality food and coffee, excellent service, from my experience so far it\u2019s the best in Kosice\u201d <\/h6>\n                                                                <h5 class=\"mkdf-testimonial-author\">\n                            <span class=\"mkdf-testimonials-author-name\">Kiwina Kiwinka \/ FB\u2003<\/span>\n                        <\/h5>\n                        <div class=\"mkdf-testimonials-author-job-holder\">\n                                                    <\/div>\n                                    <\/div>\n                            <\/div>\n\n    \n            <div class=\"mkdf-testimonial-content\" id=\"mkdf-testimonials-7035\">\n                <div class=\"mkdf-testimonial-text-holder\">\n                                                                <h6 class=\"mkdf-testimonial-text\">\u201cA delightful find, perfect for a cosy and relaxing breakfast. Great music and nice staff. Highly recommend!\u201d<\/h6>\n                                                                <h5 class=\"mkdf-testimonial-author\">\n                            <span class=\"mkdf-testimonials-author-name\">Claire Adams \/ Google<\/span>\n                        <\/h5>\n                        <div class=\"mkdf-testimonials-author-job-holder\">\n                                                    <\/div>\n                                    <\/div>\n                            <\/div>\n\n    \n            <div class=\"mkdf-testimonial-content\" id=\"mkdf-testimonials-7034\">\n                <div class=\"mkdf-testimonial-text-holder\">\n                                                                <h6 class=\"mkdf-testimonial-text\">&quot;This coffee review is coming from original Italian, I never expected that I will find in Ko\u0161ice coffee that will try to compete with Sicilian coffees, but I have to admit, San Domenico&#039;s coffee is amazing.\u201d <\/h6>\n                                                                <h5 class=\"mkdf-testimonial-author\">\n                            <span class=\"mkdf-testimonials-author-name\">Marco Marciano \/ Google<\/span>\n                        <\/h5>\n                        <div class=\"mkdf-testimonials-author-job-holder\">\n                                                    <\/div>\n                                    <\/div>\n                            <\/div>\n\n    \n            <div class=\"mkdf-testimonial-content\" id=\"mkdf-testimonials-7032\">\n                <div class=\"mkdf-testimonial-text-holder\">\n                                                                <h6 class=\"mkdf-testimonial-text\">\u201cI love this cafe . The service is what makes it but they do really good sandwiches and bagels. Honestly cannot fault this spot.\u201d <\/h6>\n                                                                <h5 class=\"mkdf-testimonial-author\">\n                            <span class=\"mkdf-testimonials-author-name\">IrishGirlAbr0ad \/ Trip Advisor<\/span>\n                        <\/h5>\n                        <div class=\"mkdf-testimonials-author-job-holder\">\n                                                    <\/div>\n                                    <\/div>\n                            <\/div>\n\n    \n            <div class=\"mkdf-testimonial-content\" id=\"mkdf-testimonials-7029\">\n                <div class=\"mkdf-testimonial-text-holder\">\n                                                                <h6 class=\"mkdf-testimonial-text\">\u201cI absolutely love this cafe......every time I visit it has such a great vibe about it really friendly and helpful staff and a menu to die for\u201d <\/h6>\n                                                                <h5 class=\"mkdf-testimonial-author\">\n                            <span class=\"mkdf-testimonials-author-name\">Mayjam2 \/ Trip Advisor<\/span>\n                        <\/h5>\n                        <div class=\"mkdf-testimonials-author-job-holder\">\n                                                    <\/div>\n                                    <\/div>\n                            <\/div>\n\n    \n    <\/div>\n<\/div>[\/vc_column][\/vc_row]<\/p>\n","protected":false},"excerpt":{"rendered":"<p>[vc_row][vc_column][rev_slider_vc alias=&#8221;home&#8221; enable_paspartu=&#8221;no&#8221;][\/vc_column][\/vc_row][vc_row row_content_width=&#8221;grid&#8221; disable_background_image=&#8221;&#8221; css=&#8221;.vc_custom_1617292845496{padding-top: 146px !important;padding-bottom: 112px !important;}&#8221; simple_background_image=&#8221;6898&#8243;][vc_column css_animation=&#8221;none&#8221;][vc_empty_space height=&#8221;20px&#8221;][\/vc_column][\/vc_row][vc_row row_content_width=&#8221;grid&#8221; disable_background_image=&#8221;&#8221; content_text_aligment=&#8221;center&#8221; css=&#8221;.vc_custom_1612975429625{padding-top: 156px !important;padding-bottom: 165px !important;}&#8221; simple_background_image=&#8221;6793&#8243;][vc_column css_animation=&#8221;none&#8221;][\/vc_column][\/vc_row][vc_row row_content_width=&#8221;grid&#8221; disable_background_image=&#8221;&#8221; content_text_aligment=&#8221;center&#8221; css=&#8221;.vc_custom_1633369939797{padding-bottom: 154px !important;}&#8221; simple_background_image=&#8221;2759&#8243; background_image_position=&#8221;bottom&#8221;][vc_column css_animation=&#8221;none&#8221; offset=&#8221;vc_col-lg-offset-2 vc_col-lg-8&#8243;][vc_empty_space height=&#8221;25px&#8221;][\/vc_column][\/vc_row]<\/p>\n","protected":false},"author":1,"featured_media":0,"parent":0,"menu_order":0,"comment_status":"closed","ping_status":"closed","template":"full-width.php","meta":[],"yoast_head":"<!-- This site is optimized with the Yoast SEO plugin v19.8 - https:\/\/yoast.com\/wordpress\/plugins\/seo\/ -->\n<title>Home | San Domenico Caffe<\/title>\n<meta name=\"description\" content=\"San Domenico is the caf\u00e9 for every-body, for every-diet &amp; for every-day. Our Passion? Great service, great coffee &amp; great food\" \/>\n<meta name=\"robots\" content=\"index, follow, max-snippet:-1, max-image-preview:large, max-video-preview:-1\" \/>\n<link rel=\"canonical\" href=\"https:\/\/domenicocafe.sk\/en\/\" \/>\n<meta property=\"og:locale\" content=\"en_US\" \/>\n<meta property=\"og:type\" content=\"article\" \/>\n<meta property=\"og:title\" content=\"Home | San Domenico Caffe\" \/>\n<meta property=\"og:description\" content=\"San Domenico is the caf\u00e9 for every-body, for every-diet &amp; for every-day. Our Passion? Great service, great coffee &amp; great food\" \/>\n<meta property=\"og:url\" content=\"https:\/\/domenicocafe.sk\/en\/\" \/>\n<meta property=\"og:site_name\" content=\"San Domenico Caffe\" \/>\n<meta property=\"article:publisher\" content=\"https:\/\/www.facebook.com\/caffe.san.domenico\" \/>\n<meta property=\"article:modified_time\" content=\"2024-11-17T13:39:13+00:00\" \/>\n<meta property=\"og:image\" content=\"https:\/\/domenicocafe.sk\/wp-content\/uploads\/revslider\/pastry-home\/barista2.jpg\" \/>\n\t<meta property=\"og:image:width\" content=\"1920\" \/>\n\t<meta property=\"og:image:height\" content=\"1281\" \/>\n\t<meta property=\"og:image:type\" content=\"image\/jpeg\" \/>\n<meta name=\"twitter:card\" content=\"summary_large_image\" \/>\n<meta name=\"twitter:label1\" content=\"Est. reading time\" \/>\n\t<meta name=\"twitter:data1\" content=\"2 minutes\" \/>\n<script type=\"application\/ld+json\" class=\"yoast-schema-graph\">{\"@context\":\"https:\/\/schema.org\",\"@graph\":[{\"@type\":\"WebPage\",\"@id\":\"https:\/\/domenicocafe.sk\/en\/\",\"url\":\"https:\/\/domenicocafe.sk\/en\/\",\"name\":\"Home | San Domenico Caffe\",\"isPartOf\":{\"@id\":\"https:\/\/domenicocafe.sk\/#website\"},\"datePublished\":\"2018-10-22T09:11:50+00:00\",\"dateModified\":\"2024-11-17T13:39:13+00:00\",\"description\":\"San Domenico is the caf\u00e9 for every-body, for every-diet & for every-day. Our Passion? Great service, great coffee & great food\",\"breadcrumb\":{\"@id\":\"https:\/\/domenicocafe.sk\/en\/#breadcrumb\"},\"inLanguage\":\"en-US\",\"potentialAction\":[{\"@type\":\"ReadAction\",\"target\":[\"https:\/\/domenicocafe.sk\/en\/\"]}]},{\"@type\":\"BreadcrumbList\",\"@id\":\"https:\/\/domenicocafe.sk\/en\/#breadcrumb\",\"itemListElement\":[{\"@type\":\"ListItem\",\"position\":1,\"name\":\"Home\",\"item\":\"https:\/\/domenicocafe.sk\/en\/\"},{\"@type\":\"ListItem\",\"position\":2,\"name\":\"Home\"}]},{\"@type\":\"WebSite\",\"@id\":\"https:\/\/domenicocafe.sk\/#website\",\"url\":\"https:\/\/domenicocafe.sk\/\",\"name\":\"San Domenico Caffe\",\"description\":\"Sustainability, Environment, Inclusivity &amp; Family.\",\"publisher\":{\"@id\":\"https:\/\/domenicocafe.sk\/#organization\"},\"potentialAction\":[{\"@type\":\"SearchAction\",\"target\":{\"@type\":\"EntryPoint\",\"urlTemplate\":\"https:\/\/domenicocafe.sk\/?s={search_term_string}\"},\"query-input\":\"required name=search_term_string\"}],\"inLanguage\":\"en-US\"},{\"@type\":\"Organization\",\"@id\":\"https:\/\/domenicocafe.sk\/#organization\",\"name\":\"San Domenico\",\"url\":\"https:\/\/domenicocafe.sk\/\",\"sameAs\":[\"https:\/\/www.instagram.com\/sandomenicocaffe\/\",\"https:\/\/www.youtube.com\/channel\/UCaeKYOvtIrq05jJHKOqQrzg\",\"https:\/\/www.facebook.com\/caffe.san.domenico\"],\"logo\":{\"@type\":\"ImageObject\",\"inLanguage\":\"en-US\",\"@id\":\"https:\/\/domenicocafe.sk\/#\/schema\/logo\/image\/\",\"url\":\"https:\/\/domenicocafe.sk\/wp-content\/uploads\/2020\/03\/logo-domenico.png\",\"contentUrl\":\"https:\/\/domenicocafe.sk\/wp-content\/uploads\/2020\/03\/logo-domenico.png\",\"width\":550,\"height\":62,\"caption\":\"San Domenico\"},\"image\":{\"@id\":\"https:\/\/domenicocafe.sk\/#\/schema\/logo\/image\/\"}}]}<\/script>\n<!-- \/ Yoast SEO plugin. -->","yoast_head_json":{"title":"Home | San Domenico Caffe","description":"San Domenico is the caf\u00e9 for every-body, for every-diet & for every-day. Our Passion? Great service, great coffee & great food","robots":{"index":"index","follow":"follow","max-snippet":"max-snippet:-1","max-image-preview":"max-image-preview:large","max-video-preview":"max-video-preview:-1"},"canonical":"https:\/\/domenicocafe.sk\/en\/","og_locale":"en_US","og_type":"article","og_title":"Home | San Domenico Caffe","og_description":"San Domenico is the caf\u00e9 for every-body, for every-diet & for every-day. Our Passion? Great service, great coffee & great food","og_url":"https:\/\/domenicocafe.sk\/en\/","og_site_name":"San Domenico Caffe","article_publisher":"https:\/\/www.facebook.com\/caffe.san.domenico","article_modified_time":"2024-11-17T13:39:13+00:00","og_image":[{"width":1920,"height":1281,"url":"https:\/\/domenicocafe.sk\/wp-content\/uploads\/revslider\/pastry-home\/barista2.jpg","type":"image\/jpeg"}],"twitter_card":"summary_large_image","twitter_misc":{"Est. reading time":"2 minutes"},"schema":{"@context":"https:\/\/schema.org","@graph":[{"@type":"WebPage","@id":"https:\/\/domenicocafe.sk\/en\/","url":"https:\/\/domenicocafe.sk\/en\/","name":"Home | San Domenico Caffe","isPartOf":{"@id":"https:\/\/domenicocafe.sk\/#website"},"datePublished":"2018-10-22T09:11:50+00:00","dateModified":"2024-11-17T13:39:13+00:00","description":"San Domenico is the caf\u00e9 for every-body, for every-diet & for every-day. Our Passion? Great service, great coffee & great food","breadcrumb":{"@id":"https:\/\/domenicocafe.sk\/en\/#breadcrumb"},"inLanguage":"en-US","potentialAction":[{"@type":"ReadAction","target":["https:\/\/domenicocafe.sk\/en\/"]}]},{"@type":"BreadcrumbList","@id":"https:\/\/domenicocafe.sk\/en\/#breadcrumb","itemListElement":[{"@type":"ListItem","position":1,"name":"Home","item":"https:\/\/domenicocafe.sk\/en\/"},{"@type":"ListItem","position":2,"name":"Home"}]},{"@type":"WebSite","@id":"https:\/\/domenicocafe.sk\/#website","url":"https:\/\/domenicocafe.sk\/","name":"San Domenico Caffe","description":"Sustainability, Environment, Inclusivity &amp; Family.","publisher":{"@id":"https:\/\/domenicocafe.sk\/#organization"},"potentialAction":[{"@type":"SearchAction","target":{"@type":"EntryPoint","urlTemplate":"https:\/\/domenicocafe.sk\/?s={search_term_string}"},"query-input":"required name=search_term_string"}],"inLanguage":"en-US"},{"@type":"Organization","@id":"https:\/\/domenicocafe.sk\/#organization","name":"San Domenico","url":"https:\/\/domenicocafe.sk\/","sameAs":["https:\/\/www.instagram.com\/sandomenicocaffe\/","https:\/\/www.youtube.com\/channel\/UCaeKYOvtIrq05jJHKOqQrzg","https:\/\/www.facebook.com\/caffe.san.domenico"],"logo":{"@type":"ImageObject","inLanguage":"en-US","@id":"https:\/\/domenicocafe.sk\/#\/schema\/logo\/image\/","url":"https:\/\/domenicocafe.sk\/wp-content\/uploads\/2020\/03\/logo-domenico.png","contentUrl":"https:\/\/domenicocafe.sk\/wp-content\/uploads\/2020\/03\/logo-domenico.png","width":550,"height":62,"caption":"San Domenico"},"image":{"@id":"https:\/\/domenicocafe.sk\/#\/schema\/logo\/image\/"}}]}},"_links":{"self":[{"href":"https:\/\/domenicocafe.sk\/en\/wp-json\/wp\/v2\/pages\/7018"}],"collection":[{"href":"https:\/\/domenicocafe.sk\/en\/wp-json\/wp\/v2\/pages"}],"about":[{"href":"https:\/\/domenicocafe.sk\/en\/wp-json\/wp\/v2\/types\/page"}],"author":[{"embeddable":true,"href":"https:\/\/domenicocafe.sk\/en\/wp-json\/wp\/v2\/users\/1"}],"replies":[{"embeddable":true,"href":"https:\/\/domenicocafe.sk\/en\/wp-json\/wp\/v2\/comments?post=7018"}],"version-history":[{"count":21,"href":"https:\/\/domenicocafe.sk\/en\/wp-json\/wp\/v2\/pages\/7018\/revisions"}],"predecessor-version":[{"id":8393,"href":"https:\/\/domenicocafe.sk\/en\/wp-json\/wp\/v2\/pages\/7018\/revisions\/8393"}],"wp:attachment":[{"href":"https:\/\/domenicocafe.sk\/en\/wp-json\/wp\/v2\/media?parent=7018"}],"curies":[{"name":"wp","href":"https:\/\/api.w.org\/{rel}","templated":true}]}}