{"id":7065,"date":"2020-03-16T21:00:37","date_gmt":"2020-03-16T20:00:37","guid":{"rendered":"https:\/\/domenicocafe.sk\/produkt\/lovely-break\/"},"modified":"2021-12-16T10:48:33","modified_gmt":"2021-12-16T09:48:33","slug":"lovely-break","status":"publish","type":"product","link":"https:\/\/domenicocafe.sk\/en\/produkt\/lovely-break\/","title":{"rendered":"L\u00f8vely Break"},"content":{"rendered":"<p>Mix \u010derven\u00fdch plodov s lahodnou chu\u0165ou Ibi\u0161teku.<\/p>\n","protected":false},"excerpt":{"rendered":"<p>Mix \u010derven\u00fdch plodov s lahodnou chu\u0165ou Ibi\u0161teku.<\/p>\n","protected":false},"featured_media":4273,"template":"","meta":[],"product_cat":[512,346],"product_tag":[],"yoast_head":"<!-- This site is optimized with the Yoast SEO plugin v19.8 - https:\/\/yoast.com\/wordpress\/plugins\/seo\/ -->\n<title>L\u00f8vely Break | San Domenico Caffe<\/title>\n<meta name=\"robots\" content=\"index, follow, max-snippet:-1, max-image-preview:large, max-video-preview:-1\" \/>\n<link rel=\"canonical\" href=\"https:\/\/domenicocafe.sk\/en\/produkt\/lovely-break\/\" \/>\n<meta property=\"og:locale\" content=\"en_US\" \/>\n<meta property=\"og:type\" content=\"article\" \/>\n<meta property=\"og:title\" content=\"L\u00f8vely Break | San Domenico Caffe\" \/>\n<meta property=\"og:description\" content=\"Mix \u010derven\u00fdch plodov s lahodnou chu\u0165ou Ibi\u0161teku.\" \/>\n<meta property=\"og:url\" content=\"https:\/\/domenicocafe.sk\/en\/produkt\/lovely-break\/\" \/>\n<meta property=\"og:site_name\" content=\"San Domenico Caffe\" \/>\n<meta property=\"article:publisher\" content=\"https:\/\/www.facebook.com\/caffe.san.domenico\" \/>\n<meta property=\"article:modified_time\" content=\"2021-12-16T09:48:33+00:00\" \/>\n<meta property=\"og:image\" content=\"https:\/\/domenicocafe.sk\/wp-content\/uploads\/2020\/03\/L\u00f8vely-Break-1-min.jpg\" \/>\n\t<meta property=\"og:image:width\" content=\"1200\" \/>\n\t<meta property=\"og:image:height\" content=\"900\" \/>\n\t<meta property=\"og:image:type\" content=\"image\/jpeg\" \/>\n<meta name=\"twitter:card\" content=\"summary_large_image\" \/>\n<script type=\"application\/ld+json\" class=\"yoast-schema-graph\">{\"@context\":\"https:\/\/schema.org\",\"@graph\":[{\"@type\":\"WebPage\",\"@id\":\"https:\/\/domenicocafe.sk\/en\/produkt\/lovely-break\/\",\"url\":\"https:\/\/domenicocafe.sk\/en\/produkt\/lovely-break\/\",\"name\":\"L\u00f8vely Break | San Domenico Caffe\",\"isPartOf\":{\"@id\":\"https:\/\/domenicocafe.sk\/#website\"},\"datePublished\":\"2020-03-16T20:00:37+00:00\",\"dateModified\":\"2021-12-16T09:48:33+00:00\",\"breadcrumb\":{\"@id\":\"https:\/\/domenicocafe.sk\/en\/produkt\/lovely-break\/#breadcrumb\"},\"inLanguage\":\"en-US\",\"potentialAction\":[{\"@type\":\"ReadAction\",\"target\":[\"https:\/\/domenicocafe.sk\/en\/produkt\/lovely-break\/\"]}]},{\"@type\":\"BreadcrumbList\",\"@id\":\"https:\/\/domenicocafe.sk\/en\/produkt\/lovely-break\/#breadcrumb\",\"itemListElement\":[{\"@type\":\"ListItem\",\"position\":1,\"name\":\"Home\",\"item\":\"https:\/\/domenicocafe.sk\/en\/\"},{\"@type\":\"ListItem\",\"position\":2,\"name\":\"Shop\",\"item\":\"https:\/\/domenicocafe.sk\/en\/shop-en-2\/\"},{\"@type\":\"ListItem\",\"position\":3,\"name\":\"L\u00f8vely Break\"}]},{\"@type\":\"WebSite\",\"@id\":\"https:\/\/domenicocafe.sk\/#website\",\"url\":\"https:\/\/domenicocafe.sk\/\",\"name\":\"San Domenico Caffe\",\"description\":\"Sustainability, Environment, Inclusivity &amp; Family.\",\"publisher\":{\"@id\":\"https:\/\/domenicocafe.sk\/#organization\"},\"potentialAction\":[{\"@type\":\"SearchAction\",\"target\":{\"@type\":\"EntryPoint\",\"urlTemplate\":\"https:\/\/domenicocafe.sk\/?s={search_term_string}\"},\"query-input\":\"required name=search_term_string\"}],\"inLanguage\":\"en-US\"},{\"@type\":\"Organization\",\"@id\":\"https:\/\/domenicocafe.sk\/#organization\",\"name\":\"San Domenico\",\"url\":\"https:\/\/domenicocafe.sk\/\",\"sameAs\":[\"https:\/\/www.instagram.com\/sandomenicocaffe\/\",\"https:\/\/www.youtube.com\/channel\/UCaeKYOvtIrq05jJHKOqQrzg\",\"https:\/\/www.facebook.com\/caffe.san.domenico\"],\"logo\":{\"@type\":\"ImageObject\",\"inLanguage\":\"en-US\",\"@id\":\"https:\/\/domenicocafe.sk\/#\/schema\/logo\/image\/\",\"url\":\"https:\/\/domenicocafe.sk\/wp-content\/uploads\/2020\/03\/logo-domenico.png\",\"contentUrl\":\"https:\/\/domenicocafe.sk\/wp-content\/uploads\/2020\/03\/logo-domenico.png\",\"width\":550,\"height\":62,\"caption\":\"San Domenico\"},\"image\":{\"@id\":\"https:\/\/domenicocafe.sk\/#\/schema\/logo\/image\/\"}}]}<\/script>\n<!-- \/ Yoast SEO plugin. -->","yoast_head_json":{"title":"L\u00f8vely Break | San Domenico Caffe","robots":{"index":"index","follow":"follow","max-snippet":"max-snippet:-1","max-image-preview":"max-image-preview:large","max-video-preview":"max-video-preview:-1"},"canonical":"https:\/\/domenicocafe.sk\/en\/produkt\/lovely-break\/","og_locale":"en_US","og_type":"article","og_title":"L\u00f8vely Break | San Domenico Caffe","og_description":"Mix \u010derven\u00fdch plodov s lahodnou chu\u0165ou Ibi\u0161teku.","og_url":"https:\/\/domenicocafe.sk\/en\/produkt\/lovely-break\/","og_site_name":"San Domenico Caffe","article_publisher":"https:\/\/www.facebook.com\/caffe.san.domenico","article_modified_time":"2021-12-16T09:48:33+00:00","og_image":[{"width":1200,"height":900,"url":"https:\/\/domenicocafe.sk\/wp-content\/uploads\/2020\/03\/L\u00f8vely-Break-1-min.jpg","type":"image\/jpeg"}],"twitter_card":"summary_large_image","schema":{"@context":"https:\/\/schema.org","@graph":[{"@type":"WebPage","@id":"https:\/\/domenicocafe.sk\/en\/produkt\/lovely-break\/","url":"https:\/\/domenicocafe.sk\/en\/produkt\/lovely-break\/","name":"L\u00f8vely Break | San Domenico Caffe","isPartOf":{"@id":"https:\/\/domenicocafe.sk\/#website"},"datePublished":"2020-03-16T20:00:37+00:00","dateModified":"2021-12-16T09:48:33+00:00","breadcrumb":{"@id":"https:\/\/domenicocafe.sk\/en\/produkt\/lovely-break\/#breadcrumb"},"inLanguage":"en-US","potentialAction":[{"@type":"ReadAction","target":["https:\/\/domenicocafe.sk\/en\/produkt\/lovely-break\/"]}]},{"@type":"BreadcrumbList","@id":"https:\/\/domenicocafe.sk\/en\/produkt\/lovely-break\/#breadcrumb","itemListElement":[{"@type":"ListItem","position":1,"name":"Home","item":"https:\/\/domenicocafe.sk\/en\/"},{"@type":"ListItem","position":2,"name":"Shop","item":"https:\/\/domenicocafe.sk\/en\/shop-en-2\/"},{"@type":"ListItem","position":3,"name":"L\u00f8vely Break"}]},{"@type":"WebSite","@id":"https:\/\/domenicocafe.sk\/#website","url":"https:\/\/domenicocafe.sk\/","name":"San Domenico Caffe","description":"Sustainability, Environment, Inclusivity &amp; Family.","publisher":{"@id":"https:\/\/domenicocafe.sk\/#organization"},"potentialAction":[{"@type":"SearchAction","target":{"@type":"EntryPoint","urlTemplate":"https:\/\/domenicocafe.sk\/?s={search_term_string}"},"query-input":"required name=search_term_string"}],"inLanguage":"en-US"},{"@type":"Organization","@id":"https:\/\/domenicocafe.sk\/#organization","name":"San Domenico","url":"https:\/\/domenicocafe.sk\/","sameAs":["https:\/\/www.instagram.com\/sandomenicocaffe\/","https:\/\/www.youtube.com\/channel\/UCaeKYOvtIrq05jJHKOqQrzg","https:\/\/www.facebook.com\/caffe.san.domenico"],"logo":{"@type":"ImageObject","inLanguage":"en-US","@id":"https:\/\/domenicocafe.sk\/#\/schema\/logo\/image\/","url":"https:\/\/domenicocafe.sk\/wp-content\/uploads\/2020\/03\/logo-domenico.png","contentUrl":"https:\/\/domenicocafe.sk\/wp-content\/uploads\/2020\/03\/logo-domenico.png","width":550,"height":62,"caption":"San Domenico"},"image":{"@id":"https:\/\/domenicocafe.sk\/#\/schema\/logo\/image\/"}}]}},"_links":{"self":[{"href":"https:\/\/domenicocafe.sk\/en\/wp-json\/wp\/v2\/product\/7065"}],"collection":[{"href":"https:\/\/domenicocafe.sk\/en\/wp-json\/wp\/v2\/product"}],"about":[{"href":"https:\/\/domenicocafe.sk\/en\/wp-json\/wp\/v2\/types\/product"}],"wp:featuredmedia":[{"embeddable":true,"href":"https:\/\/domenicocafe.sk\/en\/wp-json\/wp\/v2\/media\/4273"}],"wp:attachment":[{"href":"https:\/\/domenicocafe.sk\/en\/wp-json\/wp\/v2\/media?parent=7065"}],"wp:term":[{"taxonomy":"product_cat","embeddable":true,"href":"https:\/\/domenicocafe.sk\/en\/wp-json\/wp\/v2\/product_cat?post=7065"},{"taxonomy":"product_tag","embeddable":true,"href":"https:\/\/domenicocafe.sk\/en\/wp-json\/wp\/v2\/product_tag?post=7065"}],"curies":[{"name":"wp","href":"https:\/\/api.w.org\/{rel}","templated":true}]}}